{"id":35,"date":"2016-08-22T20:06:03","date_gmt":"2016-08-22T18:06:03","guid":{"rendered":"http:\/\/lukauto.pl\/?page_id=35"},"modified":"2017-09-25T22:47:37","modified_gmt":"2017-09-25T20:47:37","slug":"strona-glowna","status":"publish","type":"page","link":"https:\/\/lukauto.pl\/","title":{"rendered":"Strona G\u0142\u00f3wna"},"content":{"rendered":"<p>Witamy na stronie &#8222;Luk Auto Serwis&#8221;<\/p>\n<p>Istniejemy na rynku od stycznia <strong>1999 roku<\/strong>. Jeste\u015bmy szybko\u00a0 rozwijaj\u0105c\u0105 si\u0119\u00a0 firm\u0105.<\/p>\n<p>Nasz <strong>warsztat samochodowy<\/strong> w swojej dzia\u0142alno\u015bci nastawiony jest na\u00a0profesjonalizm i\u00a0 bardzo wysoki poziom obs\u0142ugi, poprzez dopasowanie naszej oferty do\u00a0indywidualnych potrzeb Klient\u00f3w.Naprawy s\u0105 wykonywane <strong>kompleksowo<\/strong>, a przede wszystkim <strong>solidnie<\/strong>.<\/p>\n<p>Klient zostawiaj\u0105c u nas samoch\u00f3d mo\u017ce liczy\u0107 na <strong>profesjonaln\u0105 obs\u0142ug\u0119 i fachowe porady do\u015bwiadczonych mechanik\u00f3w.<\/strong><\/p>\n<p>Niezale\u017cnie od\u00a0tego, czy\u00a0s\u0105\u00a0Pa\u0144stwo zainteresowani <strong>klimatyzacj\u0105 samochodow\u0105<\/strong>, <b>napraw\u0105 pojazdu<\/b>, <strong>uk\u0142adami hamulcowymi<\/strong> czy\u00a0po\u00a0prostu <strong>przegl\u0105dami okresowymi<\/strong>, zawsze dostosowujemy si\u0119\u00a0do\u00a0Pa\u0144stwa \u017cycze\u0144.<\/p>\n<p>Obs\u0142ugujemy zar\u00f3wno <strong>Klient\u00f3w indywidualnych<\/strong>, jak\u00a0i\u00a0<strong>firmowych.<\/strong><\/p>\n<p>Je\u015bli poszukuj\u0105 Pa\u0144stwo zaufanego warsztatu \u015bwiadcz\u0105cego profesjonalne us\u0142ugi, serdecznie zapraszamy do naszego <strong>warsztatu<\/strong><b>\u00a0samochodowego<\/b> znajduj\u0105cego si\u0119 przy ulicy<br \/>\n<strong>Przytorowej 2<\/strong> w <b>Nowym Dworze Mazowieckim.<\/b><\/p>\n<p><img loading=\"lazy\" decoding=\"async\" class=\"aligncenter  wp-image-288\" src=\"https:\/\/lukauto.pl\/wp-content\/uploads\/2016\/08\/IMG_9059.jpg\" alt=\"\" width=\"823\" height=\"550\" \/><\/p>\n","protected":false},"excerpt":{"rendered":"<p>Witamy na stronie &#8222;Luk Auto Serwis&#8221; Istniejemy na rynku od stycznia 1999 roku. Jeste\u015bmy szybko\u00a0 rozwijaj\u0105c\u0105 si\u0119\u00a0 firm\u0105. Nasz warsztat samochodowy w swojej dzia\u0142alno\u015bci nastawiony jest na\u00a0profesjonalizm i\u00a0 bardzo wysoki poziom obs\u0142ugi, poprzez dopasowanie naszej oferty do\u00a0indywidualnych potrzeb Klient\u00f3w.Naprawy s\u0105 wykonywane kompleksowo, a przede wszystkim solidnie. Klient zostawiaj\u0105c u nas samoch\u00f3d mo\u017ce liczy\u0107 na profesjonaln\u0105 [&hellip;]<\/p>\n","protected":false},"author":1,"featured_media":0,"parent":0,"menu_order":0,"comment_status":"closed","ping_status":"closed","template":"","meta":{"footnotes":""},"class_list":["post-35","page","type-page","status-publish","hentry"],"_links":{"self":[{"href":"https:\/\/lukauto.pl\/index.php?rest_route=\/wp\/v2\/pages\/35","targetHints":{"allow":["GET"]}}],"collection":[{"href":"https:\/\/lukauto.pl\/index.php?rest_route=\/wp\/v2\/pages"}],"about":[{"href":"https:\/\/lukauto.pl\/index.php?rest_route=\/wp\/v2\/types\/page"}],"author":[{"embeddable":true,"href":"https:\/\/lukauto.pl\/index.php?rest_route=\/wp\/v2\/users\/1"}],"replies":[{"embeddable":true,"href":"https:\/\/lukauto.pl\/index.php?rest_route=%2Fwp%2Fv2%2Fcomments&post=35"}],"version-history":[{"count":28,"href":"https:\/\/lukauto.pl\/index.php?rest_route=\/wp\/v2\/pages\/35\/revisions"}],"predecessor-version":[{"id":289,"href":"https:\/\/lukauto.pl\/index.php?rest_route=\/wp\/v2\/pages\/35\/revisions\/289"}],"wp:attachment":[{"href":"https:\/\/lukauto.pl\/index.php?rest_route=%2Fwp%2Fv2%2Fmedia&parent=35"}],"curies":[{"name":"wp","href":"https:\/\/api.w.org\/{rel}","templated":true}]}}