{"id":276,"date":"2017-09-25T22:21:46","date_gmt":"2017-09-25T20:21:46","guid":{"rendered":"http:\/\/lukauto.pl\/?page_id=276"},"modified":"2017-09-25T22:42:21","modified_gmt":"2017-09-25T20:42:21","slug":"geometria-zawieszenia","status":"publish","type":"page","link":"https:\/\/lukauto.pl\/?page_id=276","title":{"rendered":"Geometria Zawieszenia"},"content":{"rendered":"<p style=\"text-align: center;\">Wykonujemy kompleksowe naprawy oraz przebudowy zawiesze\u0144 pojazd\u00f3w cywilnych oraz aut sportowych:<\/p>\n<p style=\"text-align: center;\">naprawy bie\u017c\u0105ce zawiesze\u0144<\/p>\n<p style=\"text-align: center;\">zestawy zawiesze\u0144 z regulacj\u0105 wysoko\u015bci i twardo\u015bci \u201egwint\u201d<\/p>\n<p style=\"text-align: center;\">poziomowanie \/ wywa\u017canie auta<\/p>\n<p style=\"text-align: center;\">zawieszenia do driftu<\/p>\n<p style=\"text-align: center;\">Posiadamy najnowocze\u015bniejszy sprz\u0119t do ustawiania pe\u0142nej geometrii auta- John Bean 3d Visualiner- w po\u0142\u0105czeniu z naszym do\u015bwiadczeniem jeste\u015bmy w stanie ustawi\u0107 ka\u017cde auto.<\/p>\n<p>&nbsp;<\/p>\n<p style=\"text-align: center;\"><img loading=\"lazy\" decoding=\"async\" class=\"aligncenter  wp-image-286\" src=\"https:\/\/lukauto.pl\/wp-content\/uploads\/2017\/09\/IMG_9106.jpg\" alt=\"\" width=\"863\" height=\"578\" \/><\/p>\n","protected":false},"excerpt":{"rendered":"<p>Wykonujemy kompleksowe naprawy oraz przebudowy zawiesze\u0144 pojazd\u00f3w cywilnych oraz aut sportowych: naprawy bie\u017c\u0105ce zawiesze\u0144 zestawy zawiesze\u0144 z regulacj\u0105 wysoko\u015bci i twardo\u015bci \u201egwint\u201d poziomowanie \/ wywa\u017canie auta zawieszenia do driftu Posiadamy najnowocze\u015bniejszy sprz\u0119t do ustawiania pe\u0142nej geometrii auta- John Bean 3d Visualiner- w po\u0142\u0105czeniu z naszym do\u015bwiadczeniem jeste\u015bmy w stanie ustawi\u0107 ka\u017cde auto. &nbsp;<\/p>\n","protected":false},"author":2,"featured_media":0,"parent":0,"menu_order":0,"comment_status":"closed","ping_status":"closed","template":"","meta":{"footnotes":""},"class_list":["post-276","page","type-page","status-publish","hentry"],"_links":{"self":[{"href":"https:\/\/lukauto.pl\/index.php?rest_route=\/wp\/v2\/pages\/276","targetHints":{"allow":["GET"]}}],"collection":[{"href":"https:\/\/lukauto.pl\/index.php?rest_route=\/wp\/v2\/pages"}],"about":[{"href":"https:\/\/lukauto.pl\/index.php?rest_route=\/wp\/v2\/types\/page"}],"author":[{"embeddable":true,"href":"https:\/\/lukauto.pl\/index.php?rest_route=\/wp\/v2\/users\/2"}],"replies":[{"embeddable":true,"href":"https:\/\/lukauto.pl\/index.php?rest_route=%2Fwp%2Fv2%2Fcomments&post=276"}],"version-history":[{"count":5,"href":"https:\/\/lukauto.pl\/index.php?rest_route=\/wp\/v2\/pages\/276\/revisions"}],"predecessor-version":[{"id":287,"href":"https:\/\/lukauto.pl\/index.php?rest_route=\/wp\/v2\/pages\/276\/revisions\/287"}],"wp:attachment":[{"href":"https:\/\/lukauto.pl\/index.php?rest_route=%2Fwp%2Fv2%2Fmedia&parent=276"}],"curies":[{"name":"wp","href":"https:\/\/api.w.org\/{rel}","templated":true}]}}