{"id":134,"date":"2016-08-26T18:36:05","date_gmt":"2016-08-26T16:36:05","guid":{"rendered":"http:\/\/lukauto.pl\/?page_id=134"},"modified":"2017-09-25T22:53:11","modified_gmt":"2017-09-25T20:53:11","slug":"oferta","status":"publish","type":"page","link":"https:\/\/lukauto.pl\/?page_id=134","title":{"rendered":"Oferta"},"content":{"rendered":"<p style=\"text-align: left;\">W naszym serwisie mog\u0105 pa\u0144stwo skorzysta\u0107 z nast\u0119puj\u0105cych us\u0142ug:<\/p>\n<ul>\n<li style=\"text-align: left;\">Naprawy bie\u017c\u0105ce,<\/li>\n<li style=\"text-align: left;\">Naprawy okresowe,<\/li>\n<li style=\"text-align: left;\">Wymiana\/naprawa:<\/li>\n<li style=\"text-align: left;\">paski rozrz\u0105du, paski klinowe,<\/li>\n<li style=\"text-align: left;\">uk\u0142ady zap\u0142onowe: \u015bwiece, przewody zap\u0142onowe, cewki, kopu\u0142ki, palce, aparaty zap\u0142onowe, czujniki zap\u0142onu, sondy lambda,<\/li>\n<li style=\"text-align: left;\">uk\u0142ady ch\u0142odzenia: ch\u0142odnice, pompy wody, przewody, p\u0142yny, termostaty, nagrzewnice, intercoolery,<\/li>\n<li style=\"text-align: left;\">uk\u0142ady hamulcowe &#8211; klocki, szcz\u0119ki, tarcze, b\u0119bny, t\u0142oczki, cylinderki, pompy hamulcowe, zaciski, wspomagania (serwo), przewody hamulcowe, linki hamulca r\u0119cznego,<\/li>\n<li style=\"text-align: left;\">rozruszniki, alternatory,<\/li>\n<li style=\"text-align: left;\">Wymiana oleju:\n<ul>\n<li style=\"text-align: left;\">silniki, skrzynie bieg\u00f3w, uk\u0142ady wspomagania kierownicy,<\/li>\n<\/ul>\n<\/li>\n<li style=\"text-align: left;\">Wymiana filtr\u00f3w:\n<ul>\n<li style=\"text-align: left;\">filtry oleju, paliwa, powietrza, przeciwpy\u0142kowe (klimatyzacji),<\/li>\n<\/ul>\n<\/li>\n<li style=\"text-align: left;\">Nabijanie klimatyzacji,<\/li>\n<li style=\"text-align: left;\">Sezonowa wymiana opon,<\/li>\n<li style=\"text-align: left;\">Wymiana opon nie sezonowa (Drift, zawody samochodowe),<\/li>\n<li style=\"text-align: left;\">Wszelkie inne naprawy.<\/li>\n<\/ul>\n<p><img loading=\"lazy\" decoding=\"async\" class=\"aligncenter size-full wp-image-290\" src=\"https:\/\/lukauto.pl\/wp-content\/uploads\/2016\/08\/IMG_9136.jpg\" alt=\"\" width=\"2189\" height=\"1460\" \/><\/p>\n","protected":false},"excerpt":{"rendered":"<p>W naszym serwisie mog\u0105 pa\u0144stwo skorzysta\u0107 z nast\u0119puj\u0105cych us\u0142ug: Naprawy bie\u017c\u0105ce, Naprawy okresowe, Wymiana\/naprawa: paski rozrz\u0105du, paski klinowe, uk\u0142ady zap\u0142onowe: \u015bwiece, przewody zap\u0142onowe, cewki, kopu\u0142ki, palce, aparaty zap\u0142onowe, czujniki zap\u0142onu, sondy lambda, uk\u0142ady ch\u0142odzenia: ch\u0142odnice, pompy wody, przewody, p\u0142yny, termostaty, nagrzewnice, intercoolery, uk\u0142ady hamulcowe &#8211; klocki, szcz\u0119ki, tarcze, b\u0119bny, t\u0142oczki, cylinderki, pompy hamulcowe, zaciski, wspomagania [&hellip;]<\/p>\n","protected":false},"author":1,"featured_media":0,"parent":0,"menu_order":0,"comment_status":"closed","ping_status":"closed","template":"","meta":{"footnotes":""},"class_list":["post-134","page","type-page","status-publish","hentry"],"_links":{"self":[{"href":"https:\/\/lukauto.pl\/index.php?rest_route=\/wp\/v2\/pages\/134","targetHints":{"allow":["GET"]}}],"collection":[{"href":"https:\/\/lukauto.pl\/index.php?rest_route=\/wp\/v2\/pages"}],"about":[{"href":"https:\/\/lukauto.pl\/index.php?rest_route=\/wp\/v2\/types\/page"}],"author":[{"embeddable":true,"href":"https:\/\/lukauto.pl\/index.php?rest_route=\/wp\/v2\/users\/1"}],"replies":[{"embeddable":true,"href":"https:\/\/lukauto.pl\/index.php?rest_route=%2Fwp%2Fv2%2Fcomments&post=134"}],"version-history":[{"count":9,"href":"https:\/\/lukauto.pl\/index.php?rest_route=\/wp\/v2\/pages\/134\/revisions"}],"predecessor-version":[{"id":293,"href":"https:\/\/lukauto.pl\/index.php?rest_route=\/wp\/v2\/pages\/134\/revisions\/293"}],"wp:attachment":[{"href":"https:\/\/lukauto.pl\/index.php?rest_route=%2Fwp%2Fv2%2Fmedia&parent=134"}],"curies":[{"name":"wp","href":"https:\/\/api.w.org\/{rel}","templated":true}]}}